{"id":2459,"date":"2024-04-17T17:13:17","date_gmt":"2024-04-17T15:13:17","guid":{"rendered":"https:\/\/www.tech-in-construction.de\/?page_id=2459"},"modified":"2025-12-11T12:40:08","modified_gmt":"2025-12-11T11:40:08","slug":"award","status":"publish","type":"page","link":"https:\/\/www.tech-in-construction.de\/de\/award\/","title":{"rendered":"Award"},"content":{"rendered":"\t\t<div data-elementor-type=\"wp-page\" data-elementor-id=\"2459\" class=\"elementor elementor-2459\" data-elementor-post-type=\"page\">\n\t\t\t\t\t\t<section class=\"elementor-section elementor-top-section elementor-element elementor-element-6199d74 elementor-section-height-min-height elementor-section-content-middle elementor-section-boxed elementor-section-height-default elementor-section-items-middle\" data-id=\"6199d74\" data-element_type=\"section\" data-e-type=\"section\" data-settings=\"{&quot;background_background&quot;:&quot;classic&quot;,&quot;shape_divider_bottom&quot;:&quot;curve-asymmetrical&quot;,&quot;shape_divider_bottom_negative&quot;:&quot;yes&quot;}\">\n\t\t\t\t\t\t\t<div class=\"elementor-background-overlay\"><\/div>\n\t\t\t\t\t\t<div class=\"elementor-shape elementor-shape-bottom\" aria-hidden=\"true\" data-negative=\"true\">\n\t\t\t<svg xmlns=\"http:\/\/www.w3.org\/2000\/svg\" viewBox=\"0 0 1000 100\" preserveAspectRatio=\"none\">\n\t<path class=\"elementor-shape-fill\" d=\"M615.2,96.7C240.2,97.8,0,18.9,0,0v100h1000V0C1000,19.2,989.8,96,615.2,96.7z\"\/>\n<\/svg>\t\t<\/div>\n\t\t\t\t\t<div class=\"elementor-container elementor-column-gap-no\">\n\t\t\t\t\t<div class=\"elementor-column elementor-col-100 elementor-top-column elementor-element elementor-element-56a3f3d\" data-id=\"56a3f3d\" data-element_type=\"column\" data-e-type=\"column\" data-settings=\"{&quot;background_background&quot;:&quot;classic&quot;}\">\n\t\t\t<div class=\"elementor-widget-wrap elementor-element-populated\">\n\t\t\t\t\t\t\t<\/div>\n\t\t<\/div>\n\t\t\t\t\t<\/div>\n\t\t<\/section>\n\t\t\t\t<section class=\"elementor-section elementor-top-section elementor-element elementor-element-432c72b elementor-reverse-tablet elementor-reverse-mobile elementor-section-boxed elementor-section-height-default elementor-section-height-default\" data-id=\"432c72b\" data-element_type=\"section\" data-e-type=\"section\">\n\t\t\t\t\t\t<div class=\"elementor-container elementor-column-gap-no\">\n\t\t\t\t\t<div class=\"elementor-column elementor-col-50 elementor-top-column elementor-element elementor-element-9857d39\" data-id=\"9857d39\" data-element_type=\"column\" data-e-type=\"column\">\n\t\t\t<div class=\"elementor-widget-wrap\">\n\t\t\t\t\t\t\t<\/div>\n\t\t<\/div>\n\t\t\t\t<div class=\"elementor-column elementor-col-50 elementor-top-column elementor-element elementor-element-2541434\" data-id=\"2541434\" data-element_type=\"column\" data-e-type=\"column\" data-settings=\"{&quot;background_background&quot;:&quot;classic&quot;}\">\n\t\t\t<div class=\"elementor-widget-wrap elementor-element-populated\">\n\t\t\t\t\t\t<div class=\"elementor-element elementor-element-ae46838 elementor-countdown--label-block elementor-widget elementor-widget-countdown\" data-id=\"ae46838\" data-element_type=\"widget\" data-e-type=\"widget\" data-widget_type=\"countdown.default\">\n\t\t\t\t<div class=\"elementor-widget-container\">\n\t\t\t\t\t\t\t<div class=\"elementor-countdown-wrapper\" data-date=\"1782165600\">\n\t\t\t<div class=\"elementor-countdown-item\"><span class=\"elementor-countdown-digits elementor-countdown-days\"><\/span> <span class=\"elementor-countdown-label\">Tage<\/span><\/div><div class=\"elementor-countdown-item\"><span class=\"elementor-countdown-digits elementor-countdown-hours\"><\/span> <span class=\"elementor-countdown-label\">Stunden<\/span><\/div><div class=\"elementor-countdown-item\"><span class=\"elementor-countdown-digits elementor-countdown-minutes\"><\/span> <span class=\"elementor-countdown-label\">Minuten<\/span><\/div><div class=\"elementor-countdown-item\"><span class=\"elementor-countdown-digits elementor-countdown-seconds\"><\/span> <span class=\"elementor-countdown-label\">Sekunden<\/span><\/div>\t\t<\/div>\n\t\t\t\t\t\t<\/div>\n\t\t\t\t<\/div>\n\t\t\t\t\t<\/div>\n\t\t<\/div>\n\t\t\t\t\t<\/div>\n\t\t<\/section>\n\t\t\t\t<section class=\"elementor-section elementor-top-section elementor-element elementor-element-2a29074 elementor-section-boxed elementor-section-height-default elementor-section-height-default\" data-id=\"2a29074\" data-element_type=\"section\" data-e-type=\"section\">\n\t\t\t\t\t\t<div class=\"elementor-container elementor-column-gap-default\">\n\t\t\t\t\t<div class=\"elementor-column elementor-col-100 elementor-top-column elementor-element elementor-element-293052e elementor-invisible\" data-id=\"293052e\" data-element_type=\"column\" data-e-type=\"column\" data-settings=\"{&quot;animation&quot;:&quot;fadeInUp&quot;}\">\n\t\t\t<div class=\"elementor-widget-wrap elementor-element-populated\">\n\t\t\t\t\t\t<div class=\"elementor-element elementor-element-675ef2c elementor-widget elementor-widget-heading\" data-id=\"675ef2c\" data-element_type=\"widget\" data-e-type=\"widget\" data-settings=\"{&quot;_animation&quot;:&quot;none&quot;}\" data-widget_type=\"heading.default\">\n\t\t\t\t<div class=\"elementor-widget-container\">\n\t\t\t\t\t<div class=\"elementor-heading-title elementor-size-default\">BDBau Award<\/div>\t\t\t\t<\/div>\n\t\t\t\t<\/div>\n\t\t\t\t<div class=\"elementor-element elementor-element-c1756f1 elementor-widget elementor-widget-heading\" data-id=\"c1756f1\" data-element_type=\"widget\" data-e-type=\"widget\" data-settings=\"{&quot;_animation&quot;:&quot;none&quot;}\" data-widget_type=\"heading.default\">\n\t\t\t\t<div class=\"elementor-widget-container\">\n\t\t\t\t\t<h2 class=\"elementor-heading-title elementor-size-default\">Willkommen zum BDBau-Innovations-Award<\/h2>\t\t\t\t<\/div>\n\t\t\t\t<\/div>\n\t\t\t\t<div class=\"elementor-element elementor-element-3148512 elementor-widget elementor-widget-heading\" data-id=\"3148512\" data-element_type=\"widget\" data-e-type=\"widget\" data-widget_type=\"heading.default\">\n\t\t\t\t<div class=\"elementor-widget-container\">\n\t\t\t\t\t<div class=\"elementor-heading-title elementor-size-default\">Auch 2026 veranstaltet der Bundesverband Digitales Bauwesen (BDBau) einen Startup-Wettbewerb und sucht daf\u00fcr die innovativsten Startups der Immobilien- und Baubranche. Der Innovations-Award zielt darauf ab, in den Bereichen \"digitale Innovation\" und \"Nachhaltigkeit\" bahnbrechende digitale L\u00f6sungen im Bauwesen zu f\u00f6rdern und herausragende junge Startups vor einem breiten Publikum und einer Fachjury zu ehren. Gewinne einen der hei\u00dfbegehrten Awards auf der TECH IN CONSTRUCTION.<\/div>\t\t\t\t<\/div>\n\t\t\t\t<\/div>\n\t\t\t\t\t<\/div>\n\t\t<\/div>\n\t\t\t\t\t<\/div>\n\t\t<\/section>\n\t\t\t\t<section class=\"elementor-section elementor-top-section elementor-element elementor-element-1763d05 elementor-section-boxed elementor-section-height-default elementor-section-height-default\" data-id=\"1763d05\" data-element_type=\"section\" data-e-type=\"section\">\n\t\t\t\t\t\t<div class=\"elementor-container elementor-column-gap-default\">\n\t\t\t\t\t<div class=\"elementor-column elementor-col-50 elementor-top-column elementor-element elementor-element-b7e0c1a elementor-invisible\" data-id=\"b7e0c1a\" data-element_type=\"column\" data-e-type=\"column\" data-settings=\"{&quot;animation&quot;:&quot;fadeInLeft&quot;}\">\n\t\t\t<div class=\"elementor-widget-wrap elementor-element-populated\">\n\t\t\t\t\t\t<div class=\"elementor-element elementor-element-de65599 elementor-widget elementor-widget-image\" data-id=\"de65599\" data-element_type=\"widget\" data-e-type=\"widget\" data-widget_type=\"image.default\">\n\t\t\t\t<div class=\"elementor-widget-container\">\n\t\t\t\t\t\t\t\t\t\t\t\t\t\t\t<img fetchpriority=\"high\" decoding=\"async\" width=\"480\" height=\"480\" src=\"https:\/\/www.tech-in-construction.de\/wp-content\/uploads\/2024\/04\/Banner_TIC24_instagram_award-02.png\" class=\"attachment-large size-large wp-image-2472\" alt=\"\" srcset=\"https:\/\/www.tech-in-construction.de\/wp-content\/uploads\/2024\/04\/Banner_TIC24_instagram_award-02.png 480w, https:\/\/www.tech-in-construction.de\/wp-content\/uploads\/2024\/04\/Banner_TIC24_instagram_award-02-300x300.png 300w, https:\/\/www.tech-in-construction.de\/wp-content\/uploads\/2024\/04\/Banner_TIC24_instagram_award-02-150x150.png 150w, https:\/\/www.tech-in-construction.de\/wp-content\/uploads\/2024\/04\/Banner_TIC24_instagram_award-02-12x12.png 12w\" sizes=\"(max-width: 480px) 100vw, 480px\" \/>\t\t\t\t\t\t\t\t\t\t\t\t\t\t\t<\/div>\n\t\t\t\t<\/div>\n\t\t\t\t<div class=\"elementor-element elementor-element-d4c7e01 elementor-widget elementor-widget-image\" data-id=\"d4c7e01\" data-element_type=\"widget\" data-e-type=\"widget\" data-widget_type=\"image.default\">\n\t\t\t\t<div class=\"elementor-widget-container\">\n\t\t\t\t\t\t\t\t\t\t\t\t\t\t\t<img decoding=\"async\" width=\"480\" height=\"480\" src=\"https:\/\/www.tech-in-construction.de\/wp-content\/uploads\/2024\/04\/Banner_TIC24_instagram_award-01.png\" class=\"attachment-large size-large wp-image-2471\" alt=\"\" srcset=\"https:\/\/www.tech-in-construction.de\/wp-content\/uploads\/2024\/04\/Banner_TIC24_instagram_award-01.png 480w, https:\/\/www.tech-in-construction.de\/wp-content\/uploads\/2024\/04\/Banner_TIC24_instagram_award-01-300x300.png 300w, https:\/\/www.tech-in-construction.de\/wp-content\/uploads\/2024\/04\/Banner_TIC24_instagram_award-01-150x150.png 150w, https:\/\/www.tech-in-construction.de\/wp-content\/uploads\/2024\/04\/Banner_TIC24_instagram_award-01-12x12.png 12w\" sizes=\"(max-width: 480px) 100vw, 480px\" \/>\t\t\t\t\t\t\t\t\t\t\t\t\t\t\t<\/div>\n\t\t\t\t<\/div>\n\t\t\t\t<div class=\"elementor-element elementor-element-107cbec elementor-widget elementor-widget-text-editor\" data-id=\"107cbec\" data-element_type=\"widget\" data-e-type=\"widget\" data-settings=\"{&quot;_animation&quot;:&quot;none&quot;}\" data-widget_type=\"text-editor.default\">\n\t\t\t\t<div class=\"elementor-widget-container\">\n\t\t\t\t\t\t\t\t\t<p>\u00a0<\/p><p>\u00a0<\/p>\t\t\t\t\t\t\t\t<\/div>\n\t\t\t\t<\/div>\n\t\t\t\t\t<\/div>\n\t\t<\/div>\n\t\t\t\t<div class=\"elementor-column elementor-col-50 elementor-top-column elementor-element elementor-element-1770f41 elementor-invisible\" data-id=\"1770f41\" data-element_type=\"column\" data-e-type=\"column\" data-settings=\"{&quot;animation&quot;:&quot;fadeInRight&quot;}\">\n\t\t\t<div class=\"elementor-widget-wrap elementor-element-populated\">\n\t\t\t\t\t\t<div class=\"elementor-element elementor-element-eb22455 elementor-widget elementor-widget-heading\" data-id=\"eb22455\" data-element_type=\"widget\" data-e-type=\"widget\" data-settings=\"{&quot;_animation&quot;:&quot;none&quot;}\" data-widget_type=\"heading.default\">\n\t\t\t\t<div class=\"elementor-widget-container\">\n\t\t\t\t\t<h2 class=\"elementor-heading-title elementor-size-default\">Wie ist der Ablauf?<\/h2>\t\t\t\t<\/div>\n\t\t\t\t<\/div>\n\t\t\t\t<div class=\"elementor-element elementor-element-e027f3f elementor-widget elementor-widget-text-editor\" data-id=\"e027f3f\" data-element_type=\"widget\" data-e-type=\"widget\" data-settings=\"{&quot;_animation&quot;:&quot;none&quot;}\" data-widget_type=\"text-editor.default\">\n\t\t\t\t<div class=\"elementor-widget-container\">\n\t\t\t\t\t\t\t\t\t<p>Gewinnt einen der beiden Awards zu digitaler oder nachhaltiger Innovation und nehmt euer Gl\u00fcck selbst in die Hand! Eure Zustimmung und eure Community spielen dabei eine entscheidende Rolle. Auf LinkedIn k\u00f6nnt ihr Likes sammeln, die das Publikumsvoting ausmachen. Das entspricht immerhin 50 % der Gesamtbewertung.<\/p>\t\t\t\t\t\t\t\t<\/div>\n\t\t\t\t<\/div>\n\t\t\t\t<div class=\"elementor-element elementor-element-cd3ebb4 elementor-widget elementor-widget-heading\" data-id=\"cd3ebb4\" data-element_type=\"widget\" data-e-type=\"widget\" data-settings=\"{&quot;_animation&quot;:&quot;none&quot;}\" data-widget_type=\"heading.default\">\n\t\t\t\t<div class=\"elementor-widget-container\">\n\t\t\t\t\t<h2 class=\"elementor-heading-title elementor-size-default\">Was gibt es zu gewinnen?<\/h2>\t\t\t\t<\/div>\n\t\t\t\t<\/div>\n\t\t\t\t<div class=\"elementor-element elementor-element-1da834f elementor-widget elementor-widget-text-editor\" data-id=\"1da834f\" data-element_type=\"widget\" data-e-type=\"widget\" data-settings=\"{&quot;_animation&quot;:&quot;none&quot;}\" data-widget_type=\"text-editor.default\">\n\t\t\t\t<div class=\"elementor-widget-container\">\n\t\t\t\t\t\t\t\t\t<p><strong>Digitale Innovation:<\/strong><\/p><p>Die Preise werden noch bekanntgegeben!<\/p><p><strong>Sustrainability:<\/strong><\/p><p>Die Preise werden noch bekanntgegeben!<\/p>\t\t\t\t\t\t\t\t<\/div>\n\t\t\t\t<\/div>\n\t\t\t\t\t<\/div>\n\t\t<\/div>\n\t\t\t\t\t<\/div>\n\t\t<\/section>\n\t\t\t\t<\/div>\n\t\t","protected":false},"excerpt":{"rendered":"<p>Tage Stunden Minuten Sekunden BDBau Award Willkommen zum BDBau-Innovations-Award Auch 2026 veranstaltet der Bundesverband Digitales Bauwesen (BDBau) einen Startup-Wettbewerb und sucht daf\u00fcr die innovativsten Startups der Immobilien- und Baubranche. Der Innovations-Award zielt darauf ab, in den Bereichen &#8222;digitale Innovation&#8220; und &#8222;Nachhaltigkeit&#8220; bahnbrechende digitale L\u00f6sungen im Bauwesen zu f\u00f6rdern und herausragende junge Startups vor einem breiten [&hellip;]<\/p>\n","protected":false},"author":2,"featured_media":0,"parent":0,"menu_order":0,"comment_status":"closed","ping_status":"closed","template":"","meta":{"_mo_disable_npp":"","footnotes":""},"class_list":["post-2459","page","type-page","status-publish","hentry"],"_links":{"self":[{"href":"https:\/\/www.tech-in-construction.de\/de\/wp-json\/wp\/v2\/pages\/2459","targetHints":{"allow":["GET"]}}],"collection":[{"href":"https:\/\/www.tech-in-construction.de\/de\/wp-json\/wp\/v2\/pages"}],"about":[{"href":"https:\/\/www.tech-in-construction.de\/de\/wp-json\/wp\/v2\/types\/page"}],"author":[{"embeddable":true,"href":"https:\/\/www.tech-in-construction.de\/de\/wp-json\/wp\/v2\/users\/2"}],"replies":[{"embeddable":true,"href":"https:\/\/www.tech-in-construction.de\/de\/wp-json\/wp\/v2\/comments?post=2459"}],"version-history":[{"count":22,"href":"https:\/\/www.tech-in-construction.de\/de\/wp-json\/wp\/v2\/pages\/2459\/revisions"}],"predecessor-version":[{"id":2637,"href":"https:\/\/www.tech-in-construction.de\/de\/wp-json\/wp\/v2\/pages\/2459\/revisions\/2637"}],"wp:attachment":[{"href":"https:\/\/www.tech-in-construction.de\/de\/wp-json\/wp\/v2\/media?parent=2459"}],"curies":[{"name":"wp","href":"https:\/\/api.w.org\/{rel}","templated":true}]}}